{"id":15,"date":"2024-06-29T10:42:46","date_gmt":"2024-06-29T10:42:46","guid":{"rendered":"https:\/\/vandescobrint.com\/?page_id=15"},"modified":"2024-07-18T18:15:23","modified_gmt":"2024-07-18T18:15:23","slug":"blog","status":"publish","type":"page","link":"https:\/\/vandescobrint.com\/?page_id=15","title":{"rendered":"Blog"},"content":{"rendered":"\n<div class=\"wp-block-group has-global-padding is-layout-constrained wp-block-group-is-layout-constrained\">\n<div class=\"wp-block-columns is-layout-flex wp-container-core-columns-is-layout-28f84493 wp-block-columns-is-layout-flex\">\n<div class=\"wp-block-column is-layout-flow wp-block-column-is-layout-flow\" style=\"flex-basis:100%\">\n<div class=\"wp-block-group has-global-padding is-layout-constrained wp-block-group-is-layout-constrained\"><div class=\"wp-block-categories-dropdown \/* Estilo para el contenedor del desplegable *\/ .mi-desplegable-contenedor {     background-color: #f8f9fa;     border: 1px solid #ddd;     border-radius: 5px;     padding: 10px;     width: 200px; }  \/* Estilo para los elementos del desplegable *\/ .mi-desplegable-contenedor ul {     list-style-type: none;     margin: 0;     padding: 0; }  .mi-desplegable-contenedor ul li {     padding: 10px;     border-bottom: 1px solid #ddd;     cursor: pointer; }  .mi-desplegable-contenedor ul li:hover {     background-color: #0073aa;     color: white; }  \/* Estilo para el enlace del desplegable *\/ .mi-desplegable-contenedor ul li a {     text-decoration: none;     color: inherit;     display: block; } wp-block-categories has-superbfont-xxsmall-font-size\"><label class=\"wp-block-categories__label\" for=\"wp-block-categories-1\">Categories<\/label><select  name='category_name' id='wp-block-categories-1' class='postform'>\n\t<option value='-1'>Selecciona Categoria<\/option>\n\t<option class=\"level-0\" value=\"bici\">Bici<\/option>\n\t<option class=\"level-0\" value=\"caminades\">Caminades<\/option>\n\t<option class=\"level-0\" value=\"escalada\">Escalada<\/option>\n\t<option class=\"level-0\" value=\"furgoneta\">Furgoneta<\/option>\n\t<option class=\"level-0\" value=\"gos\">Gos<\/option>\n\t<option class=\"level-0\" value=\"uncategorized\">Uncategorized<\/option>\n\t<option class=\"level-0\" value=\"viatges\">Viatges<\/option>\n<\/select><script>\n( ( [ dropdownId, homeUrl ] ) => {\n\t\tconst dropdown = document.getElementById( dropdownId );\n\t\tfunction onSelectChange() {\n\t\t\tsetTimeout( () => {\n\t\t\t\tif ( 'escape' === dropdown.dataset.lastkey ) {\n\t\t\t\t\treturn;\n\t\t\t\t}\n\t\t\t\tif ( dropdown.value && dropdown instanceof HTMLSelectElement ) {\n\t\t\t\t\tconst url = new URL( homeUrl );\n\t\t\t\t\turl.searchParams.set( dropdown.name, dropdown.value );\n\t\t\t\t\tlocation.href = url.href;\n\t\t\t\t}\n\t\t\t}, 250 );\n\t\t}\n\t\tfunction onKeyUp( event ) {\n\t\t\tif ( 'Escape' === event.key ) {\n\t\t\t\tdropdown.dataset.lastkey = 'escape';\n\t\t\t} else {\n\t\t\t\tdelete dropdown.dataset.lastkey;\n\t\t\t}\n\t\t}\n\t\tfunction onClick() {\n\t\t\tdelete dropdown.dataset.lastkey;\n\t\t}\n\t\tdropdown.addEventListener( 'keyup', onKeyUp );\n\t\tdropdown.addEventListener( 'click', onClick );\n\t\tdropdown.addEventListener( 'change', onSelectChange );\n\t} )( [\"wp-block-categories-1\",\"https:\/\/vandescobrint.com\"] );\n\/\/# sourceURL=build_dropdown_script_block_core_categories\n<\/script>\n\n<\/div><\/div>\n\n\n\n<div class=\"wp-block-group has-global-padding is-layout-constrained wp-block-group-is-layout-constrained\">\n<div class=\"wp-block-query is-layout-flow wp-block-query-is-layout-flow\"><ul class=\"wp-block-post-template is-layout-flow wp-block-post-template-is-layout-flow\"><li class=\"wp-block-post post-130 post type-post status-publish format-standard hentry category-furgoneta\">\n<h2 class=\"wp-block-post-title\"><a href=\"https:\/\/vandescobrint.com\/?p=130\" target=\"_self\" >Agost 2024 &#8211; Teletreball des del Pirineu Aragon\u00e8s<\/a><\/h2>\n\n<div class=\"wp-block-post-excerpt\"><p class=\"wp-block-post-excerpt__excerpt\">Aquest Agost, com ja fa uns quants, tenim jornada intensiva a la feina. Hem decidit anar al pirineu per treballar mes fresquets, ja que l&#8217;\u00faltima setmana ha sigut de temperatures per sobre dels 35 graus. L&#8217;any passat vam provar de teletreballar, pero ens vam trobar amb una onada de calor molt forta, a m\u00e9s no<\/p><p class=\"wp-block-post-excerpt__more-text\"><a class=\"wp-block-post-excerpt__more-link\" href=\"https:\/\/vandescobrint.com\/?p=130\">read more<\/a><\/p><\/div>\n\n\n<hr class=\"wp-block-separator has-css-opacity\"\/>\n\n\n<div class=\"wp-block-post-date\"><time datetime=\"2024-08-03T14:32:15+00:00\">agost 3, 2024<\/time><\/div>\n<\/li><li class=\"wp-block-post post-329 post type-post status-publish format-standard hentry category-caminades category-escalada category-furgoneta category-gos category-viatges\">\n<h2 class=\"wp-block-post-title\"><a href=\"https:\/\/vandescobrint.com\/?p=329\" target=\"_self\" >Barcelona-Dolomites-Austria-Dolomites<\/a><\/h2>\n\n<div class=\"wp-block-post-excerpt\"><p class=\"wp-block-post-excerpt__excerpt\">Sortida 29 d&#8217;agost del 2024 Dia 29: Comen\u00e7a l\u2019Aventura Despr\u00e9s de la jornada laboral, sortim de Vilafranca amb la furgoneta carregada i gaireb\u00e9 a punt, nom\u00e9s quedava agafar algunes coses de la nevera. Amb ganes de fer quil\u00f2metres, vam decidir no seguir la ruta habitual per Brian\u00e7on. En canvi, vam deixar-nos guiar pel GPS amb<\/p><p class=\"wp-block-post-excerpt__more-text\"><a class=\"wp-block-post-excerpt__more-link\" href=\"https:\/\/vandescobrint.com\/?p=329\">read more<\/a><\/p><\/div>\n\n\n<hr class=\"wp-block-separator has-css-opacity\"\/>\n\n\n<div class=\"wp-block-post-date\"><time datetime=\"2024-09-08T16:14:29+00:00\">setembre 8, 2024<\/time><\/div>\n<\/li><li class=\"wp-block-post post-313 post type-post status-publish format-standard hentry category-uncategorized\">\n<h2 class=\"wp-block-post-title\"><a href=\"https:\/\/vandescobrint.com\/?p=313\" target=\"_self\" >test<\/a><\/h2>\n\n<div class=\"wp-block-post-excerpt\"><p class=\"wp-block-post-excerpt__excerpt\">test elementor 3 agost 3, 2024 \u2022 admin Aquest Agost, com ja fa uns quants, tenim jornada intensiva a la feina. Hem decidit anar al pirineu per treballar mes fresquets, ja que l\u2019\u00faltima setmana ha sigut de temperatures per sobre dels 35 graus. L\u2019any passat vam provar de teletreballar, pero ens vam trobar amb una<\/p><p class=\"wp-block-post-excerpt__more-text\"><a class=\"wp-block-post-excerpt__more-link\" href=\"https:\/\/vandescobrint.com\/?p=313\">read more<\/a><\/p><\/div>\n\n\n<hr class=\"wp-block-separator has-css-opacity\"\/>\n\n\n<div class=\"wp-block-post-date\"><time datetime=\"2024-08-28T10:53:20+00:00\">agost 28, 2024<\/time><\/div>\n<\/li><li class=\"wp-block-post post-292 post type-post status-publish format-standard hentry category-uncategorized\">\n<h2 class=\"wp-block-post-title\"><a href=\"https:\/\/vandescobrint.com\/?p=292\" target=\"_self\" >Elementor #292<\/a><\/h2>\n\n<div class=\"wp-block-post-excerpt\"><p class=\"wp-block-post-excerpt__excerpt\">holi holi caracoi<\/p><p class=\"wp-block-post-excerpt__more-text\"><a class=\"wp-block-post-excerpt__more-link\" href=\"https:\/\/vandescobrint.com\/?p=292\">read more<\/a><\/p><\/div>\n\n\n<hr class=\"wp-block-separator has-css-opacity\"\/>\n\n\n<div class=\"wp-block-post-date\"><time datetime=\"2024-08-27T13:04:13+00:00\">agost 27, 2024<\/time><\/div>\n<\/li><\/ul><\/div>\n<\/div>\n<\/div>\n<\/div>\n<\/div>\n","protected":false},"excerpt":{"rendered":"","protected":false},"author":1,"featured_media":0,"parent":0,"menu_order":0,"comment_status":"closed","ping_status":"closed","template":"","meta":{"footnotes":""},"class_list":["post-15","page","type-page","status-publish","hentry"],"_links":{"self":[{"href":"https:\/\/vandescobrint.com\/index.php?rest_route=\/wp\/v2\/pages\/15","targetHints":{"allow":["GET"]}}],"collection":[{"href":"https:\/\/vandescobrint.com\/index.php?rest_route=\/wp\/v2\/pages"}],"about":[{"href":"https:\/\/vandescobrint.com\/index.php?rest_route=\/wp\/v2\/types\/page"}],"author":[{"embeddable":true,"href":"https:\/\/vandescobrint.com\/index.php?rest_route=\/wp\/v2\/users\/1"}],"replies":[{"embeddable":true,"href":"https:\/\/vandescobrint.com\/index.php?rest_route=%2Fwp%2Fv2%2Fcomments&post=15"}],"version-history":[{"count":7,"href":"https:\/\/vandescobrint.com\/index.php?rest_route=\/wp\/v2\/pages\/15\/revisions"}],"predecessor-version":[{"id":84,"href":"https:\/\/vandescobrint.com\/index.php?rest_route=\/wp\/v2\/pages\/15\/revisions\/84"}],"wp:attachment":[{"href":"https:\/\/vandescobrint.com\/index.php?rest_route=%2Fwp%2Fv2%2Fmedia&parent=15"}],"curies":[{"name":"wp","href":"https:\/\/api.w.org\/{rel}","templated":true}]}}